{"id":207,"date":"2020-09-09T00:44:03","date_gmt":"2020-09-09T00:44:03","guid":{"rendered":"http:\/\/inkaselectfruit.com\/?page_id=207"},"modified":"2020-11-03T02:03:23","modified_gmt":"2020-11-03T02:03:23","slug":"calidad","status":"publish","type":"page","link":"https:\/\/inkaselectfruit.com\/index.php\/calidad\/","title":{"rendered":"Calidad"},"content":{"rendered":"\t\t<div data-elementor-type=\"wp-page\" data-elementor-id=\"207\" class=\"elementor elementor-207\">\n\t\t\t\t\t\t<section class=\"elementor-section elementor-top-section elementor-element elementor-element-9f35470 elementor-section-full_width elementor-section-height-min-height elementor-section-height-default elementor-section-items-middle\" data-id=\"9f35470\" data-element_type=\"section\" data-settings=\"{&quot;background_background&quot;:&quot;slideshow&quot;,&quot;background_slideshow_gallery&quot;:[{&quot;id&quot;:1227,&quot;url&quot;:&quot;http:\\\/\\\/inkaselectfruit.com\\\/wp-content\\\/uploads\\\/2020\\\/11\\\/inkafruit-arequipa-9-scaled.jpg&quot;},{&quot;id&quot;:1228,&quot;url&quot;:&quot;http:\\\/\\\/inkaselectfruit.com\\\/wp-content\\\/uploads\\\/2020\\\/11\\\/inkafruit-arequipa-18-scaled.jpg&quot;},{&quot;id&quot;:1229,&quot;url&quot;:&quot;http:\\\/\\\/inkaselectfruit.com\\\/wp-content\\\/uploads\\\/2020\\\/11\\\/inkafruit-arequipa-21-scaled.jpg&quot;},{&quot;id&quot;:846,&quot;url&quot;:&quot;http:\\\/\\\/inkaselectfruit.com\\\/wp-content\\\/uploads\\\/2020\\\/10\\\/JAN08914-1-scaled.jpg&quot;},{&quot;id&quot;:1230,&quot;url&quot;:&quot;http:\\\/\\\/inkaselectfruit.com\\\/wp-content\\\/uploads\\\/2020\\\/11\\\/inkafruit-arequipa-6-scaled.jpg&quot;},{&quot;id&quot;:847,&quot;url&quot;:&quot;http:\\\/\\\/inkaselectfruit.com\\\/wp-content\\\/uploads\\\/2020\\\/10\\\/JAN08763-scaled.jpg&quot;},{&quot;id&quot;:848,&quot;url&quot;:&quot;http:\\\/\\\/inkaselectfruit.com\\\/wp-content\\\/uploads\\\/2020\\\/10\\\/JAN00019-1-scaled.jpg&quot;}],&quot;background_slideshow_loop&quot;:&quot;yes&quot;,&quot;background_slideshow_slide_duration&quot;:5000,&quot;background_slideshow_slide_transition&quot;:&quot;fade&quot;,&quot;background_slideshow_transition_duration&quot;:500}\">\n\t\t\t\t\t\t<div class=\"elementor-container elementor-column-gap-default\">\n\t\t\t\t\t<div class=\"elementor-column elementor-col-100 elementor-top-column elementor-element elementor-element-998f985\" data-id=\"998f985\" data-element_type=\"column\">\n\t\t\t<div class=\"elementor-widget-wrap\">\n\t\t\t\t\t\t\t<\/div>\n\t\t<\/div>\n\t\t\t\t\t<\/div>\n\t\t<\/section>\n\t\t\t\t<section class=\"elementor-section elementor-top-section elementor-element elementor-element-ab08194 elementor-section-boxed elementor-section-height-default elementor-section-height-default\" data-id=\"ab08194\" data-element_type=\"section\">\n\t\t\t\t\t\t<div class=\"elementor-container elementor-column-gap-default\">\n\t\t\t\t\t<div class=\"elementor-column elementor-col-50 elementor-top-column elementor-element elementor-element-ec12d1a\" data-id=\"ec12d1a\" data-element_type=\"column\">\n\t\t\t<div class=\"elementor-widget-wrap elementor-element-populated\">\n\t\t\t\t\t\t<section class=\"elementor-section elementor-inner-section elementor-element elementor-element-a8586fb elementor-section-height-min-height elementor-section-content-bottom elementor-section-boxed elementor-section-height-default\" data-id=\"a8586fb\" data-element_type=\"section\">\n\t\t\t\t\t\t<div class=\"elementor-container elementor-column-gap-default\">\n\t\t\t\t\t<div class=\"elementor-column elementor-col-100 elementor-inner-column elementor-element elementor-element-2547391\" data-id=\"2547391\" data-element_type=\"column\">\n\t\t\t<div class=\"elementor-widget-wrap elementor-element-populated\">\n\t\t\t\t\t\t<div class=\"elementor-element elementor-element-22e4f6e elementor-invisible elementor-widget elementor-widget-heading\" data-id=\"22e4f6e\" data-element_type=\"widget\" data-settings=\"{&quot;_animation&quot;:&quot;fadeInLeft&quot;}\" data-widget_type=\"heading.default\">\n\t\t\t\t<div class=\"elementor-widget-container\">\n\t\t\t\t\t<h1 class=\"elementor-heading-title elementor-size-default\">Procesos<\/h1>\t\t\t\t<\/div>\n\t\t\t\t<\/div>\n\t\t\t\t\t<\/div>\n\t\t<\/div>\n\t\t\t\t\t<\/div>\n\t\t<\/section>\n\t\t\t\t<div class=\"elementor-element elementor-element-91fa39e elementor-invisible elementor-widget elementor-widget-text-editor\" data-id=\"91fa39e\" data-element_type=\"widget\" data-settings=\"{&quot;_animation&quot;:&quot;fadeInLeft&quot;}\" data-widget_type=\"text-editor.default\">\n\t\t\t\t<div class=\"elementor-widget-container\">\n\t\t\t\t\t\t\t\t\t<p><span style=\"font-weight: 400;\">En Inka Select Fruit nos preocupamos por todos los procesos de trabajo, revisando y controlando tanto la producci\u00f3n como la log\u00edstica para asegurarnos que nuestros productos tengan la mejor calidad y que nuestra tradici\u00f3n llegue de manera \u00f3ptima a todo el mundo. <\/span><\/p>\t\t\t\t\t\t\t\t<\/div>\n\t\t\t\t<\/div>\n\t\t\t\t<section class=\"elementor-section elementor-inner-section elementor-element elementor-element-b1428e2 elementor-section-boxed elementor-section-height-default elementor-section-height-default\" data-id=\"b1428e2\" data-element_type=\"section\">\n\t\t\t\t\t\t<div class=\"elementor-container elementor-column-gap-default\">\n\t\t\t\t\t<div class=\"elementor-column elementor-col-100 elementor-inner-column elementor-element elementor-element-60eb7cf\" data-id=\"60eb7cf\" data-element_type=\"column\">\n\t\t\t<div class=\"elementor-widget-wrap elementor-element-populated\">\n\t\t\t\t\t\t<div class=\"elementor-element elementor-element-e7a31e0 elementor-invisible elementor-widget elementor-widget-heading\" data-id=\"e7a31e0\" data-element_type=\"widget\" data-settings=\"{&quot;_animation&quot;:&quot;fadeInLeft&quot;}\" data-widget_type=\"heading.default\">\n\t\t\t\t<div class=\"elementor-widget-container\">\n\t\t\t\t\t<h1 class=\"elementor-heading-title elementor-size-default\">Certificaciones<\/h1>\t\t\t\t<\/div>\n\t\t\t\t<\/div>\n\t\t\t\t\t<\/div>\n\t\t<\/div>\n\t\t\t\t\t<\/div>\n\t\t<\/section>\n\t\t\t\t<div class=\"elementor-element elementor-element-7cfebe6 elementor-invisible elementor-widget elementor-widget-image\" data-id=\"7cfebe6\" data-element_type=\"widget\" data-settings=\"{&quot;_animation&quot;:&quot;fadeInLeft&quot;}\" data-widget_type=\"image.default\">\n\t\t\t\t<div class=\"elementor-widget-container\">\n\t\t\t\t\t\t\t\t\t\t\t\t\t\t\t<img fetchpriority=\"high\" decoding=\"async\" width=\"1024\" height=\"151\" src=\"https:\/\/inkaselectfruit.com\/wp-content\/uploads\/2020\/10\/Certificaciones-1024x151.png\" class=\"attachment-large size-large wp-image-782\" alt=\"\" srcset=\"https:\/\/inkaselectfruit.com\/wp-content\/uploads\/2020\/10\/Certificaciones-1024x151.png 1024w, https:\/\/inkaselectfruit.com\/wp-content\/uploads\/2020\/10\/Certificaciones-300x44.png 300w, https:\/\/inkaselectfruit.com\/wp-content\/uploads\/2020\/10\/Certificaciones-768x113.png 768w, https:\/\/inkaselectfruit.com\/wp-content\/uploads\/2020\/10\/Certificaciones-1536x226.png 1536w, https:\/\/inkaselectfruit.com\/wp-content\/uploads\/2020\/10\/Certificaciones.png 1576w\" sizes=\"(max-width: 1024px) 100vw, 1024px\" \/>\t\t\t\t\t\t\t\t\t\t\t\t\t\t\t<\/div>\n\t\t\t\t<\/div>\n\t\t\t\t\t<\/div>\n\t\t<\/div>\n\t\t\t\t<div class=\"elementor-column elementor-col-50 elementor-top-column elementor-element elementor-element-498ba01\" data-id=\"498ba01\" data-element_type=\"column\">\n\t\t\t<div class=\"elementor-widget-wrap elementor-element-populated\">\n\t\t\t\t\t\t<div class=\"elementor-element elementor-element-45bda2c elementor-invisible elementor-widget elementor-widget-image\" data-id=\"45bda2c\" data-element_type=\"widget\" data-settings=\"{&quot;_animation&quot;:&quot;fadeInRight&quot;}\" data-widget_type=\"image.default\">\n\t\t\t\t<div class=\"elementor-widget-container\">\n\t\t\t\t\t\t\t\t\t\t\t\t\t\t\t<img decoding=\"async\" width=\"683\" height=\"1024\" src=\"https:\/\/inkaselectfruit.com\/wp-content\/uploads\/2020\/10\/JAN09477-683x1024.jpg\" class=\"attachment-large size-large wp-image-915\" alt=\"\" srcset=\"https:\/\/inkaselectfruit.com\/wp-content\/uploads\/2020\/10\/JAN09477-683x1024.jpg 683w, https:\/\/inkaselectfruit.com\/wp-content\/uploads\/2020\/10\/JAN09477-200x300.jpg 200w, https:\/\/inkaselectfruit.com\/wp-content\/uploads\/2020\/10\/JAN09477-768x1152.jpg 768w, https:\/\/inkaselectfruit.com\/wp-content\/uploads\/2020\/10\/JAN09477-1024x1536.jpg 1024w, https:\/\/inkaselectfruit.com\/wp-content\/uploads\/2020\/10\/JAN09477-1365x2048.jpg 1365w, https:\/\/inkaselectfruit.com\/wp-content\/uploads\/2020\/10\/JAN09477-scaled.jpg 1707w\" sizes=\"(max-width: 683px) 100vw, 683px\" \/>\t\t\t\t\t\t\t\t\t\t\t\t\t\t\t<\/div>\n\t\t\t\t<\/div>\n\t\t\t\t\t<\/div>\n\t\t<\/div>\n\t\t\t\t\t<\/div>\n\t\t<\/section>\n\t\t\t\t<section class=\"elementor-section elementor-top-section elementor-element elementor-element-ae21650 elementor-section-boxed elementor-section-height-default elementor-section-height-default\" data-id=\"ae21650\" data-element_type=\"section\">\n\t\t\t\t\t\t<div class=\"elementor-container elementor-column-gap-default\">\n\t\t\t\t\t<div class=\"elementor-column elementor-col-100 elementor-top-column elementor-element elementor-element-9ab5019\" data-id=\"9ab5019\" data-element_type=\"column\">\n\t\t\t<div class=\"elementor-widget-wrap\">\n\t\t\t\t\t\t\t<\/div>\n\t\t<\/div>\n\t\t\t\t\t<\/div>\n\t\t<\/section>\n\t\t\t\t<\/div>\n\t\t","protected":false},"excerpt":{"rendered":"<p>Procesos En Inka Select Fruit nos preocupamos por todos los procesos de trabajo, revisando y controlando tanto la producci\u00f3n como la log\u00edstica para asegurarnos que nuestros productos tengan la mejor calidad y que nuestra tradici\u00f3n llegue de manera \u00f3ptima a todo el mundo. Certificaciones<\/p>\n","protected":false},"author":1,"featured_media":0,"parent":0,"menu_order":0,"comment_status":"closed","ping_status":"closed","template":"","meta":{"site-sidebar-layout":"no-sidebar","site-content-layout":"page-builder","ast-site-content-layout":"default","site-content-style":"default","site-sidebar-style":"default","ast-global-header-display":"","ast-banner-title-visibility":"","ast-main-header-display":"","ast-hfb-above-header-display":"","ast-hfb-below-header-display":"","ast-hfb-mobile-header-display":"","site-post-title":"disabled","ast-breadcrumbs-content":"","ast-featured-img":"disabled","footer-sml-layout":"","theme-transparent-header-meta":"default","adv-header-id-meta":"","stick-header-meta":"","header-above-stick-meta":"","header-main-stick-meta":"","header-below-stick-meta":"","astra-migrate-meta-layouts":"default","ast-page-background-enabled":"default","ast-page-background-meta":{"desktop":{"background-color":"","background-image":"","background-repeat":"repeat","background-position":"center center","background-size":"auto","background-attachment":"scroll","background-type":"","background-media":"","overlay-type":"","overlay-color":"","overlay-opacity":"","overlay-gradient":""},"tablet":{"background-color":"","background-image":"","background-repeat":"repeat","background-position":"center center","background-size":"auto","background-attachment":"scroll","background-type":"","background-media":"","overlay-type":"","overlay-color":"","overlay-opacity":"","overlay-gradient":""},"mobile":{"background-color":"","background-image":"","background-repeat":"repeat","background-position":"center center","background-size":"auto","background-attachment":"scroll","background-type":"","background-media":"","overlay-type":"","overlay-color":"","overlay-opacity":"","overlay-gradient":""}},"ast-content-background-meta":{"desktop":{"background-color":"var(--ast-global-color-5)","background-image":"","background-repeat":"repeat","background-position":"center center","background-size":"auto","background-attachment":"scroll","background-type":"","background-media":"","overlay-type":"","overlay-color":"","overlay-opacity":"","overlay-gradient":""},"tablet":{"background-color":"var(--ast-global-color-5)","background-image":"","background-repeat":"repeat","background-position":"center center","background-size":"auto","background-attachment":"scroll","background-type":"","background-media":"","overlay-type":"","overlay-color":"","overlay-opacity":"","overlay-gradient":""},"mobile":{"background-color":"var(--ast-global-color-5)","background-image":"","background-repeat":"repeat","background-position":"center center","background-size":"auto","background-attachment":"scroll","background-type":"","background-media":"","overlay-type":"","overlay-color":"","overlay-opacity":"","overlay-gradient":""}},"footnotes":""},"class_list":["post-207","page","type-page","status-publish","hentry"],"_links":{"self":[{"href":"https:\/\/inkaselectfruit.com\/index.php\/wp-json\/wp\/v2\/pages\/207","targetHints":{"allow":["GET"]}}],"collection":[{"href":"https:\/\/inkaselectfruit.com\/index.php\/wp-json\/wp\/v2\/pages"}],"about":[{"href":"https:\/\/inkaselectfruit.com\/index.php\/wp-json\/wp\/v2\/types\/page"}],"author":[{"embeddable":true,"href":"https:\/\/inkaselectfruit.com\/index.php\/wp-json\/wp\/v2\/users\/1"}],"replies":[{"embeddable":true,"href":"https:\/\/inkaselectfruit.com\/index.php\/wp-json\/wp\/v2\/comments?post=207"}],"version-history":[{"count":12,"href":"https:\/\/inkaselectfruit.com\/index.php\/wp-json\/wp\/v2\/pages\/207\/revisions"}],"predecessor-version":[{"id":1231,"href":"https:\/\/inkaselectfruit.com\/index.php\/wp-json\/wp\/v2\/pages\/207\/revisions\/1231"}],"wp:attachment":[{"href":"https:\/\/inkaselectfruit.com\/index.php\/wp-json\/wp\/v2\/media?parent=207"}],"curies":[{"name":"wp","href":"https:\/\/api.w.org\/{rel}","templated":true}]}}